{"id":1293,"date":"2026-04-24T17:19:55","date_gmt":"2026-04-24T15:19:55","guid":{"rendered":"https:\/\/solutions-informatique-haguenau.fr\/?page_id=1293"},"modified":"2026-04-24T17:19:55","modified_gmt":"2026-04-24T15:19:55","slug":"blog","status":"publish","type":"page","link":"https:\/\/solutions-informatique-haguenau.fr\/index.php\/blog\/","title":{"rendered":"Blog"},"content":{"rendered":"<p><div class=\"fusion-fullwidth fullwidth-box fusion-builder-row-1 fusion-flex-container fusion-parallax-none nonhundred-percent-fullwidth non-hundred-percent-height-scrolling lazyload\" style=\"--awb-background-position:center top;--awb-border-radius-top-left:0px;--awb-border-radius-top-right:0px;--awb-border-radius-bottom-right:0px;--awb-border-radius-bottom-left:0px;--awb-padding-top:18%;--awb-padding-bottom:0%;--awb-padding-left:0px;--awb-padding-bottom-small:70px;--awb-background-image:linear-gradient(0deg, hsla(var(--awb-custom_color_1-h),var(--awb-custom_color_1-s),var(--awb-custom_color_1-l),calc(var(--awb-custom_color_1-a) - 20%)) 0%,hsla(var(--awb-color8-h),var(--awb-color8-s),calc( var(--awb-color8-l) - 20% ),calc( var(--awb-color8-a) - 55% )) 100%);;--awb-background-size:cover;--awb-flex-wrap:wrap;\" data-bg=\"https:\/\/solutions-informatique-haguenau.fr\/wp-content\/uploads\/2023\/11\/Capture-decran-2023-11-12-182723.png\" data-bg-gradient=\"linear-gradient(0deg, hsla(var(--awb-custom_color_1-h),var(--awb-custom_color_1-s),var(--awb-custom_color_1-l),calc(var(--awb-custom_color_1-a) - 20%)) 0%,hsla(var(--awb-color8-h),var(--awb-color8-s),calc( var(--awb-color8-l) - 20% ),calc( var(--awb-color8-a) - 55% )) 100%)\" ><div class=\"fusion-builder-row fusion-row fusion-flex-align-items-flex-start fusion-flex-content-wrap\" style=\"max-width:calc( 1140px + 0px );margin-left: calc(-0px \/ 2 );margin-right: calc(-0px \/ 2 );\"><div class=\"fusion-layout-column fusion_builder_column fusion-builder-column-0 fusion_builder_column_1_1 1_1 fusion-flex-column fusion-animated\" style=\"--awb-padding-top-medium:40px;--awb-padding-bottom-medium:40px;--awb-padding-top-small:90px;--awb-padding-bottom-small:10px;--awb-bg-position:center center;--awb-bg-size:cover;--awb-width-large:100%;--awb-margin-top-large:0px;--awb-spacing-right-large:0px;--awb-margin-bottom-large:0px;--awb-spacing-left-large:0px;--awb-width-medium:100%;--awb-spacing-right-medium:0px;--awb-spacing-left-medium:0px;--awb-width-small:100%;--awb-spacing-right-small:0px;--awb-spacing-left-small:0px;\" data-animationType=\"fadeInUp\" data-animationDuration=\"1.0\" data-animationOffset=\"top-into-view\"><div class=\"fusion-column-wrapper fusion-column-has-shadow fusion-flex-justify-content-flex-start fusion-content-layout-column\"><div class=\"fusion-title title fusion-title-1 fusion-sep-none fusion-title-center fusion-title-text fusion-title-size-one\" style=\"--awb-margin-bottom:0px;--awb-margin-top-small:0px;--awb-margin-right-small:0px;--awb-margin-bottom-small:0px;--awb-margin-left-small:0px;\"><h1 class=\"fusion-title-heading title-heading-center fusion-responsive-typography-calculated\" style=\"margin:0;text-transform:none;--fontSize:100;line-height:var(--awb-typography1-line-height);\">Blog<\/h1><\/div><\/div><\/div><div class=\"fusion-layout-column fusion_builder_column fusion-builder-column-1 fusion_builder_column_1_1 1_1 fusion-flex-column\" style=\"--awb-bg-size:cover;--awb-width-large:100%;--awb-margin-top-large:100px;--awb-spacing-right-large:0px;--awb-margin-bottom-large:0px;--awb-spacing-left-large:0px;--awb-width-medium:100%;--awb-spacing-right-medium:0px;--awb-spacing-left-medium:0px;--awb-width-small:100%;--awb-spacing-right-small:0px;--awb-spacing-left-small:0px;\"><div class=\"fusion-column-wrapper fusion-column-has-shadow fusion-flex-justify-content-flex-start fusion-content-layout-column\"><div class=\"fusion-section-separator section-separator hills-opacity fusion-section-separator-1\" style=\"--awb-spacer-padding-top:17.7734375%;--awb-svg-margin-left:0px;--awb-svg-margin-right:0px;--awb-svg-margin-left-medium:0px;--awb-svg-margin-right-medium:0px;--awb-svg-margin-left-small:0px;--awb-svg-margin-right-small:0px;--awb-sep-font-size:0;--awb-sep-line-height:0;\"><div class=\"fusion-section-separator-svg\"><svg class=\"fusion-hills-opacity-candy\" xmlns=\"http:\/\/www.w3.org\/2000\/svg\" version=\"1.1\" width=\"100%\" viewBox=\"0 -0.5 1024 182\" preserveAspectRatio=\"none\" fill=\"rgba(255,255,255,1)\"><path class=\"st0\" d=\"M0 182.086h1024V41.593c-28.058-21.504-60.109-37.581-97.075-37.581-112.845 0-198.144 93.798-289.792 93.798S437.658 6.777 351.846 6.777s-142.234 82.125-238.49 82.125c-63.078 0-75.776-31.744-113.357-53.658L0 182.086z\"\/>\n\t\t\t\t\t\t\t\t\t<path class=\"st1\" d=\"M1024 181.062v-75.878c-39.731 15.872-80.794 27.341-117.658 25.805-110.387-4.506-191.795-109.773-325.53-116.224-109.158-5.12-344.166 120.115-429.466 166.298H1024v-.001z\"\/>\n\t\t\t\t\t\t\t\t\t<path class=\"st2\" d=\"M0 182.086h1024V90.028C966.451 59.103 907.059 16.3 824.115 15.071 690.278 13.023 665.19 102.93 482.099 102.93S202.138-1.62 74.24.019C46.49.326 21.811 4.217 0 9.849v172.237z\"\/>\n\t\t\t\t\t\t\t\t\t<path class=\"st3\" d=\"M0 182.086h1024V80.505c-37.171 19.558-80.691 35.328-139.571 36.25-151.142 2.355-141.619-28.57-298.496-29.184s-138.854 47.002-305.459 43.725C132.813 128.428 91.238 44.563 0 28.179v153.907z\"\/>\n\t\t\t\t\t\t\t\t\t<path class=\"st4\" d=\"M0 182.086h1024v-77.312c-49.05 20.07-120.525 42.394-193.229 42.086-128.922-.512-159.846-72.294-255.795-72.294-89.088 0-134.656 80.179-245.043 82.022S169.063 99.346 49.971 97.401C32.768 97.094 16.077 99.244 0 103.135v78.951z\"\/>\n\t\t\t\t\t\t\t\t<\/svg><\/div><div class=\"fusion-section-separator-spacer\"><div class=\"fusion-section-separator-spacer-height\"><\/div><\/div><\/div><\/div><\/div><\/div><\/div><div id=\"site-internet\" class=\"fusion-container-anchor\"><div class=\"fusion-fullwidth fullwidth-box fusion-builder-row-2 fusion-flex-container has-pattern-background has-mask-background nonhundred-percent-fullwidth non-hundred-percent-height-scrolling\" style=\"--awb-border-radius-top-left:0px;--awb-border-radius-top-right:0px;--awb-border-radius-bottom-right:0px;--awb-border-radius-bottom-left:0px;--awb-flex-wrap:wrap;\" ><div class=\"fusion-builder-row fusion-row fusion-flex-align-items-flex-start fusion-flex-content-wrap\" style=\"max-width:1185.6px;margin-left: calc(-4% \/ 2 );margin-right: calc(-4% \/ 2 );\"><div class=\"fusion-layout-column fusion_builder_column fusion-builder-column-2 fusion_builder_column_1_1 1_1 fusion-flex-column\" style=\"--awb-bg-size:cover;--awb-width-large:100%;--awb-margin-top-large:0px;--awb-spacing-right-large:1.92%;--awb-margin-bottom-large:0px;--awb-spacing-left-large:1.92%;--awb-width-medium:100%;--awb-order-medium:0;--awb-spacing-right-medium:1.92%;--awb-spacing-left-medium:1.92%;--awb-width-small:100%;--awb-order-small:0;--awb-spacing-right-small:1.92%;--awb-spacing-left-small:1.92%;\"><div class=\"fusion-column-wrapper fusion-column-has-shadow fusion-flex-justify-content-flex-start fusion-content-layout-column\"><div class=\"fusion-blog-shortcode fusion-blog-shortcode-1 fusion-blog-archive fusion-blog-layout-large-alternate fusion-blog-infinite\"><div class=\"fusion-posts-container fusion-posts-container-infinite fusion-blog-rollover\" data-pages=\"1\"><article id=\"blog-1-post-1304\" class=\"fusion-post-large-alternate post-1304 post type-post status-publish format-standard hentry category-blog\">\n\t<style type=\"text\/css\">\n\t\t\n\t\t\n\t\t\n\t\t\n\t\t\t<\/style>\n\n\n<div class=\"fusion-date-and-formats\"><div class=\"fusion-date-box updated\"><span class=\"fusion-date\">24<\/span><span class=\"fusion-month-year\">04, 2026<\/span><\/div><div class=\"fusion-format-box\"><i class=\"awb-icon-pen\" aria-hidden=\"true\"><\/i><\/div><\/div><div class=\"fusion-post-content post-content\"><h2 class=\"blog-shortcode-post-title entry-title\"><a href=\"https:\/\/solutions-informatique-haguenau.fr\/index.php\/2026\/04\/24\/phishing_reconnaitre_les_arnaques\/\">Phishing : Reconna\u00eetre les Arnaques<\/a><\/h2><p class=\"fusion-single-line-meta\"><span class=\"vcard\" style=\"display: none;\"><span class=\"fn\"><a href=\"https:\/\/solutions-informatique-haguenau.fr\/index.php\/author\/solutions-informatique-haguenau-fr\/\" title=\"Articles par solutions-informatique-haguenau.fr\" rel=\"author\">solutions-informatique-haguenau.fr<\/a><\/span><\/span><span class=\"updated\" style=\"display:none;\">2026-04-24T17:18:44+02:00<\/span><span>avril 24th, 2026<\/span><span class=\"fusion-inline-sep\">|<\/span><\/p><div class=\"fusion-post-content-container\"><p>Phishing : Comment former ses employ\u00e9s \u00e0 Reconna\u00eetre les<\/p><\/div><\/div><div class=\"fusion-clearfix\"><\/div><div class=\"fusion-meta-info\"><div class=\"fusion-alignright\"><a class=\"fusion-read-more\" href=\"https:\/\/solutions-informatique-haguenau.fr\/index.php\/2026\/04\/24\/phishing_reconnaitre_les_arnaques\/\" aria-label=\"More on Phishing : Reconna\u00eetre les Arnaques\">Read More<\/a><\/div><\/div><\/article>\n<article id=\"blog-1-post-1305\" class=\"fusion-post-large-alternate post-1305 post type-post status-publish format-standard hentry category-blog\">\n\t<style type=\"text\/css\">\n\t\t\n\t\t\n\t\t\n\t\t\n\t\t\t<\/style>\n\n\n<div class=\"fusion-date-and-formats\"><div class=\"fusion-date-box updated\"><span class=\"fusion-date\">24<\/span><span class=\"fusion-month-year\">04, 2026<\/span><\/div><div class=\"fusion-format-box\"><i class=\"awb-icon-pen\" aria-hidden=\"true\"><\/i><\/div><\/div><div class=\"fusion-post-content post-content\"><h2 class=\"blog-shortcode-post-title entry-title\"><a href=\"https:\/\/solutions-informatique-haguenau.fr\/index.php\/2026\/04\/24\/proteger-les-donnees-de-son-entreprise\/\">Prot\u00e9ger les Donn\u00e9es de son Entreprise<\/a><\/h2><p class=\"fusion-single-line-meta\"><span class=\"vcard\" style=\"display: none;\"><span class=\"fn\"><a href=\"https:\/\/solutions-informatique-haguenau.fr\/index.php\/author\/solutions-informatique-haguenau-fr\/\" title=\"Articles par solutions-informatique-haguenau.fr\" rel=\"author\">solutions-informatique-haguenau.fr<\/a><\/span><\/span><span class=\"updated\" style=\"display:none;\">2026-04-24T17:18:53+02:00<\/span><span>avril 24th, 2026<\/span><span class=\"fusion-inline-sep\">|<\/span><\/p><div class=\"fusion-post-content-container\"><p>Comment Prot\u00e9ger les Donn\u00e9es de son Entreprise en 2026<\/p><\/div><\/div><div class=\"fusion-clearfix\"><\/div><div class=\"fusion-meta-info\"><div class=\"fusion-alignright\"><a class=\"fusion-read-more\" href=\"https:\/\/solutions-informatique-haguenau.fr\/index.php\/2026\/04\/24\/proteger-les-donnees-de-son-entreprise\/\" aria-label=\"More on Prot\u00e9ger les Donn\u00e9es de son Entreprise\">Read More<\/a><\/div><\/div><\/article>\n<article id=\"blog-1-post-1303\" class=\"fusion-post-large-alternate post-1303 post type-post status-publish format-standard hentry category-blog\">\n\t<style type=\"text\/css\">\n\t\t\n\t\t\n\t\t\n\t\t\n\t\t\t<\/style>\n\n\n<div class=\"fusion-date-and-formats\"><div class=\"fusion-date-box updated\"><span class=\"fusion-date\">24<\/span><span class=\"fusion-month-year\">04, 2026<\/span><\/div><div class=\"fusion-format-box\"><i class=\"awb-icon-pen\" aria-hidden=\"true\"><\/i><\/div><\/div><div class=\"fusion-post-content post-content\"><h2 class=\"blog-shortcode-post-title entry-title\"><a href=\"https:\/\/solutions-informatique-haguenau.fr\/index.php\/2026\/04\/24\/sauvegarde_3-2-1\/\">Sauvegarde 3-2-1 c&rsquo;est quoi?<\/a><\/h2><p class=\"fusion-single-line-meta\"><span class=\"vcard\" style=\"display: none;\"><span class=\"fn\"><a href=\"https:\/\/solutions-informatique-haguenau.fr\/index.php\/author\/solutions-informatique-haguenau-fr\/\" title=\"Articles par solutions-informatique-haguenau.fr\" rel=\"author\">solutions-informatique-haguenau.fr<\/a><\/span><\/span><span class=\"updated\" style=\"display:none;\">2026-04-24T17:19:02+02:00<\/span><span>avril 24th, 2026<\/span><span class=\"fusion-inline-sep\">|<\/span><\/p><div class=\"fusion-post-content-container\"><p>Sauvegarde 3-2-1 : Qu'est-ce que c'est et pourquoi c'est<\/p><\/div><\/div><div class=\"fusion-clearfix\"><\/div><div class=\"fusion-meta-info\"><div class=\"fusion-alignright\"><a class=\"fusion-read-more\" href=\"https:\/\/solutions-informatique-haguenau.fr\/index.php\/2026\/04\/24\/sauvegarde_3-2-1\/\" aria-label=\"More on Sauvegarde 3-2-1 c&rsquo;est quoi?\">Read More<\/a><\/div><\/div><\/article>\n<article id=\"blog-1-post-1285\" class=\"fusion-post-large-alternate post-1285 post type-post status-publish format-standard hentry category-blog\">\n\t<style type=\"text\/css\">\n\t\t\n\t\t\n\t\t\n\t\t\n\t\t\t<\/style>\n\n\n<div class=\"fusion-date-and-formats\"><div class=\"fusion-date-box updated\"><span class=\"fusion-date\">24<\/span><span class=\"fusion-month-year\">04, 2026<\/span><\/div><div class=\"fusion-format-box\"><i class=\"awb-icon-pen\" aria-hidden=\"true\"><\/i><\/div><\/div><div class=\"fusion-post-content post-content\"><h2 class=\"blog-shortcode-post-title entry-title\"><a href=\"https:\/\/solutions-informatique-haguenau.fr\/index.php\/2026\/04\/24\/microsoft-365-vs-google-workspace\/\">Microsoft 365 vs Google Workspace<\/a><\/h2><p class=\"fusion-single-line-meta\"><span class=\"vcard\" style=\"display: none;\"><span class=\"fn\"><a href=\"https:\/\/solutions-informatique-haguenau.fr\/index.php\/author\/solutions-informatique-haguenau-fr\/\" title=\"Articles par solutions-informatique-haguenau.fr\" rel=\"author\">solutions-informatique-haguenau.fr<\/a><\/span><\/span><span class=\"updated\" style=\"display:none;\">2026-04-24T17:19:11+02:00<\/span><span>avril 24th, 2026<\/span><span class=\"fusion-inline-sep\">|<\/span><\/p><div class=\"fusion-post-content-container\"><p>Microsoft 365 vs Google Workspace : Quel outil choisir<\/p><\/div><\/div><div class=\"fusion-clearfix\"><\/div><div class=\"fusion-meta-info\"><div class=\"fusion-alignright\"><a class=\"fusion-read-more\" href=\"https:\/\/solutions-informatique-haguenau.fr\/index.php\/2026\/04\/24\/microsoft-365-vs-google-workspace\/\" aria-label=\"More on Microsoft 365 vs Google Workspace\">Read More<\/a><\/div><\/div><\/article>\n<article id=\"blog-1-post-1283\" class=\"fusion-post-large-alternate post-1283 post type-post status-publish format-standard hentry category-blog\">\n\t<style type=\"text\/css\">\n\t\t\n\t\t\n\t\t\n\t\t\n\t\t\t<\/style>\n\n\n<div class=\"fusion-date-and-formats\"><div class=\"fusion-date-box updated\"><span class=\"fusion-date\">24<\/span><span class=\"fusion-month-year\">04, 2026<\/span><\/div><div class=\"fusion-format-box\"><i class=\"awb-icon-pen\" aria-hidden=\"true\"><\/i><\/div><\/div><div class=\"fusion-post-content post-content\"><h2 class=\"blog-shortcode-post-title entry-title\"><a href=\"https:\/\/solutions-informatique-haguenau.fr\/index.php\/2026\/04\/24\/partenaire-informatique\/\">Partenaire informatique<\/a><\/h2><p class=\"fusion-single-line-meta\"><span class=\"vcard\" style=\"display: none;\"><span class=\"fn\"><a href=\"https:\/\/solutions-informatique-haguenau.fr\/index.php\/author\/solutions-informatique-haguenau-fr\/\" title=\"Articles par solutions-informatique-haguenau.fr\" rel=\"author\">solutions-informatique-haguenau.fr<\/a><\/span><\/span><span class=\"updated\" style=\"display:none;\">2026-04-24T17:12:37+02:00<\/span><span>avril 24th, 2026<\/span><span class=\"fusion-inline-sep\">|<\/span><\/p><div class=\"fusion-post-content-container\"><p> Pourquoi avoir un Partenaire Informatique pour son Entreprise<\/p><\/div><\/div><div class=\"fusion-clearfix\"><\/div><div class=\"fusion-meta-info\"><div class=\"fusion-alignright\"><a class=\"fusion-read-more\" href=\"https:\/\/solutions-informatique-haguenau.fr\/index.php\/2026\/04\/24\/partenaire-informatique\/\" aria-label=\"More on Partenaire informatique\">Read More<\/a><\/div><\/div><\/article>\n<\/div><\/div><\/div><\/div><\/div><\/div><\/div><\/p>\n","protected":false},"excerpt":{"rendered":"","protected":false},"author":1,"featured_media":0,"parent":0,"menu_order":0,"comment_status":"closed","ping_status":"closed","template":"100-width.php","meta":{"footnotes":""},"class_list":["post-1293","page","type-page","status-publish","hentry"],"yoast_head":"<!-- This site is optimized with the Yoast SEO plugin v27.4 - https:\/\/yoast.com\/product\/yoast-seo-wordpress\/ -->\n<title>Blog - Solutions-informatique-haguenau<\/title>\n<meta name=\"robots\" content=\"index, follow, max-snippet:-1, max-image-preview:large, max-video-preview:-1\" \/>\n<link rel=\"canonical\" href=\"https:\/\/solutions-informatique-haguenau.fr\/index.php\/blog\/\" \/>\n<meta property=\"og:locale\" content=\"fr_FR\" \/>\n<meta property=\"og:type\" content=\"article\" \/>\n<meta property=\"og:title\" content=\"Blog - Solutions-informatique-haguenau\" \/>\n<meta property=\"og:url\" content=\"https:\/\/solutions-informatique-haguenau.fr\/index.php\/blog\/\" \/>\n<meta property=\"og:site_name\" content=\"Solutions-informatique-haguenau\" \/>\n<meta name=\"twitter:card\" content=\"summary_large_image\" \/>\n<meta name=\"twitter:label1\" content=\"Dur\u00e9e de lecture estim\u00e9e\" \/>\n\t<meta name=\"twitter:data1\" content=\"1 minute\" \/>\n<script type=\"application\/ld+json\" class=\"yoast-schema-graph\">{\"@context\":\"https:\\\/\\\/schema.org\",\"@graph\":[{\"@type\":\"WebPage\",\"@id\":\"https:\\\/\\\/solutions-informatique-haguenau.fr\\\/index.php\\\/blog\\\/\",\"url\":\"https:\\\/\\\/solutions-informatique-haguenau.fr\\\/index.php\\\/blog\\\/\",\"name\":\"Blog - Solutions-informatique-haguenau\",\"isPartOf\":{\"@id\":\"https:\\\/\\\/solutions-informatique-haguenau.fr\\\/#website\"},\"datePublished\":\"2026-04-24T15:19:55+00:00\",\"breadcrumb\":{\"@id\":\"https:\\\/\\\/solutions-informatique-haguenau.fr\\\/index.php\\\/blog\\\/#breadcrumb\"},\"inLanguage\":\"fr-FR\",\"potentialAction\":[{\"@type\":\"ReadAction\",\"target\":[\"https:\\\/\\\/solutions-informatique-haguenau.fr\\\/index.php\\\/blog\\\/\"]}]},{\"@type\":\"BreadcrumbList\",\"@id\":\"https:\\\/\\\/solutions-informatique-haguenau.fr\\\/index.php\\\/blog\\\/#breadcrumb\",\"itemListElement\":[{\"@type\":\"ListItem\",\"position\":1,\"name\":\"Accueil\",\"item\":\"https:\\\/\\\/solutions-informatique-haguenau.fr\\\/\"},{\"@type\":\"ListItem\",\"position\":2,\"name\":\"Blog\"}]},{\"@type\":\"WebSite\",\"@id\":\"https:\\\/\\\/solutions-informatique-haguenau.fr\\\/#website\",\"url\":\"https:\\\/\\\/solutions-informatique-haguenau.fr\\\/\",\"name\":\"Solutions-informatique-haguenau\",\"description\":\"Solutions informatiques pour particuliers et professionnels \u2013 D\u00e9pannage, maintenance et support IT\",\"publisher\":{\"@id\":\"https:\\\/\\\/solutions-informatique-haguenau.fr\\\/#\\\/schema\\\/person\\\/44f7d2ba8e4b07121cec6e4f5b3dec6e\"},\"potentialAction\":[{\"@type\":\"SearchAction\",\"target\":{\"@type\":\"EntryPoint\",\"urlTemplate\":\"https:\\\/\\\/solutions-informatique-haguenau.fr\\\/?s={search_term_string}\"},\"query-input\":{\"@type\":\"PropertyValueSpecification\",\"valueRequired\":true,\"valueName\":\"search_term_string\"}}],\"inLanguage\":\"fr-FR\"},{\"@type\":[\"Person\",\"Organization\"],\"@id\":\"https:\\\/\\\/solutions-informatique-haguenau.fr\\\/#\\\/schema\\\/person\\\/44f7d2ba8e4b07121cec6e4f5b3dec6e\",\"name\":\"solutions-informatique-haguenau.fr\",\"image\":{\"@type\":\"ImageObject\",\"inLanguage\":\"fr-FR\",\"@id\":\"https:\\\/\\\/solutions-informatique-haguenau.fr\\\/wp-content\\\/uploads\\\/2023\\\/11\\\/Logo.png\",\"url\":\"https:\\\/\\\/solutions-informatique-haguenau.fr\\\/wp-content\\\/uploads\\\/2023\\\/11\\\/Logo.png\",\"contentUrl\":\"https:\\\/\\\/solutions-informatique-haguenau.fr\\\/wp-content\\\/uploads\\\/2023\\\/11\\\/Logo.png\",\"width\":322,\"height\":321,\"caption\":\"solutions-informatique-haguenau.fr\"},\"logo\":{\"@id\":\"https:\\\/\\\/solutions-informatique-haguenau.fr\\\/wp-content\\\/uploads\\\/2023\\\/11\\\/Logo.png\"},\"sameAs\":[\"http:\\\/\\\/solutions-informatique-haguenau.fr\"]}]}<\/script>\n<!-- \/ Yoast SEO plugin. -->","yoast_head_json":{"title":"Blog - Solutions-informatique-haguenau","robots":{"index":"index","follow":"follow","max-snippet":"max-snippet:-1","max-image-preview":"max-image-preview:large","max-video-preview":"max-video-preview:-1"},"canonical":"https:\/\/solutions-informatique-haguenau.fr\/index.php\/blog\/","og_locale":"fr_FR","og_type":"article","og_title":"Blog - Solutions-informatique-haguenau","og_url":"https:\/\/solutions-informatique-haguenau.fr\/index.php\/blog\/","og_site_name":"Solutions-informatique-haguenau","twitter_card":"summary_large_image","twitter_misc":{"Dur\u00e9e de lecture estim\u00e9e":"1 minute"},"schema":{"@context":"https:\/\/schema.org","@graph":[{"@type":"WebPage","@id":"https:\/\/solutions-informatique-haguenau.fr\/index.php\/blog\/","url":"https:\/\/solutions-informatique-haguenau.fr\/index.php\/blog\/","name":"Blog - Solutions-informatique-haguenau","isPartOf":{"@id":"https:\/\/solutions-informatique-haguenau.fr\/#website"},"datePublished":"2026-04-24T15:19:55+00:00","breadcrumb":{"@id":"https:\/\/solutions-informatique-haguenau.fr\/index.php\/blog\/#breadcrumb"},"inLanguage":"fr-FR","potentialAction":[{"@type":"ReadAction","target":["https:\/\/solutions-informatique-haguenau.fr\/index.php\/blog\/"]}]},{"@type":"BreadcrumbList","@id":"https:\/\/solutions-informatique-haguenau.fr\/index.php\/blog\/#breadcrumb","itemListElement":[{"@type":"ListItem","position":1,"name":"Accueil","item":"https:\/\/solutions-informatique-haguenau.fr\/"},{"@type":"ListItem","position":2,"name":"Blog"}]},{"@type":"WebSite","@id":"https:\/\/solutions-informatique-haguenau.fr\/#website","url":"https:\/\/solutions-informatique-haguenau.fr\/","name":"Solutions-informatique-haguenau","description":"Solutions informatiques pour particuliers et professionnels \u2013 D\u00e9pannage, maintenance et support IT","publisher":{"@id":"https:\/\/solutions-informatique-haguenau.fr\/#\/schema\/person\/44f7d2ba8e4b07121cec6e4f5b3dec6e"},"potentialAction":[{"@type":"SearchAction","target":{"@type":"EntryPoint","urlTemplate":"https:\/\/solutions-informatique-haguenau.fr\/?s={search_term_string}"},"query-input":{"@type":"PropertyValueSpecification","valueRequired":true,"valueName":"search_term_string"}}],"inLanguage":"fr-FR"},{"@type":["Person","Organization"],"@id":"https:\/\/solutions-informatique-haguenau.fr\/#\/schema\/person\/44f7d2ba8e4b07121cec6e4f5b3dec6e","name":"solutions-informatique-haguenau.fr","image":{"@type":"ImageObject","inLanguage":"fr-FR","@id":"https:\/\/solutions-informatique-haguenau.fr\/wp-content\/uploads\/2023\/11\/Logo.png","url":"https:\/\/solutions-informatique-haguenau.fr\/wp-content\/uploads\/2023\/11\/Logo.png","contentUrl":"https:\/\/solutions-informatique-haguenau.fr\/wp-content\/uploads\/2023\/11\/Logo.png","width":322,"height":321,"caption":"solutions-informatique-haguenau.fr"},"logo":{"@id":"https:\/\/solutions-informatique-haguenau.fr\/wp-content\/uploads\/2023\/11\/Logo.png"},"sameAs":["http:\/\/solutions-informatique-haguenau.fr"]}]}},"_links":{"self":[{"href":"https:\/\/solutions-informatique-haguenau.fr\/index.php\/wp-json\/wp\/v2\/pages\/1293","targetHints":{"allow":["GET"]}}],"collection":[{"href":"https:\/\/solutions-informatique-haguenau.fr\/index.php\/wp-json\/wp\/v2\/pages"}],"about":[{"href":"https:\/\/solutions-informatique-haguenau.fr\/index.php\/wp-json\/wp\/v2\/types\/page"}],"author":[{"embeddable":true,"href":"https:\/\/solutions-informatique-haguenau.fr\/index.php\/wp-json\/wp\/v2\/users\/1"}],"replies":[{"embeddable":true,"href":"https:\/\/solutions-informatique-haguenau.fr\/index.php\/wp-json\/wp\/v2\/comments?post=1293"}],"version-history":[{"count":6,"href":"https:\/\/solutions-informatique-haguenau.fr\/index.php\/wp-json\/wp\/v2\/pages\/1293\/revisions"}],"predecessor-version":[{"id":1315,"href":"https:\/\/solutions-informatique-haguenau.fr\/index.php\/wp-json\/wp\/v2\/pages\/1293\/revisions\/1315"}],"wp:attachment":[{"href":"https:\/\/solutions-informatique-haguenau.fr\/index.php\/wp-json\/wp\/v2\/media?parent=1293"}],"curies":[{"name":"wp","href":"https:\/\/api.w.org\/{rel}","templated":true}]}}